{"id":988666,"date":"2025-12-11T16:52:07","date_gmt":"2025-12-11T15:52:07","guid":{"rendered":"https:\/\/schweisser-akademie.de\/?page_id=988666"},"modified":"2026-02-17T12:10:03","modified_gmt":"2026-02-17T11:10:03","slug":"galerie","status":"publish","type":"page","link":"https:\/\/schweisser-akademie.de\/ar\/galerie\/","title":{"rendered":"\u0645\u0639\u0631\u0636 \u0627\u0644\u0635\u0648\u0631"},"content":{"rendered":"\t\t<div data-elementor-type=\"wp-page\" data-elementor-id=\"988666\" class=\"elementor elementor-988666\" data-elementor-post-type=\"page\">\n\t\t\t\t<div class=\"elementor-element elementor-element-d8b8bfc e-con-full e-flex e-con e-parent\" data-id=\"d8b8bfc\" data-element_type=\"container\" data-e-type=\"container\">\n\t\t<div class=\"elementor-element elementor-element-43dfdd3 e-con-full e-flex e-con e-child\" data-id=\"43dfdd3\" data-element_type=\"container\" data-e-type=\"container\" data-settings=\"{&quot;background_background&quot;:&quot;gradient&quot;}\">\n\t\t<div class=\"elementor-element elementor-element-f8e07ae e-con-full e-flex e-con e-child\" data-id=\"f8e07ae\" data-element_type=\"container\" data-e-type=\"container\">\n\t\t<div class=\"elementor-element elementor-element-693a8fa elementor-invisible animated-fast e-con-full e-flex e-con e-child\" data-id=\"693a8fa\" data-element_type=\"container\" data-e-type=\"container\" data-settings=\"{&quot;background_background&quot;:&quot;classic&quot;,&quot;animation&quot;:&quot;fadeIn&quot;,&quot;animation_delay&quot;:50}\">\n\t\t<div class=\"elementor-element elementor-element-222b096 e-con-full e-flex e-con e-child\" data-id=\"222b096\" data-element_type=\"container\" data-e-type=\"container\">\n\t\t\t\t<div class=\"elementor-element elementor-element-8aacd38 elementor-invisible elementor-widget-mobile__width-auto animated-fast elementor-widget elementor-widget-heading\" data-id=\"8aacd38\" data-element_type=\"widget\" data-e-type=\"widget\" data-settings=\"{&quot;_animation&quot;:&quot;fadeInUp&quot;,&quot;_animation_delay&quot;:0}\" data-widget_type=\"heading.default\">\n\t\t\t\t<div class=\"elementor-widget-container\">\n\t\t\t\t\t<h1 class=\"elementor-heading-title elementor-size-default\">Galerie<\/h1>\t\t\t\t<\/div>\n\t\t\t\t<\/div>\n\t\t\t\t<\/div>\n\t\t\t\t<div class=\"elementor-element elementor-element-e67bb44 elementor-widget elementor-widget-text-editor\" data-id=\"e67bb44\" data-element_type=\"widget\" data-e-type=\"widget\" data-widget_type=\"text-editor.default\">\n\t\t\t\t<div class=\"elementor-widget-container\">\n\t\t\t\t\t\t\t\t\t<p>Hier finden Sie einige Bilder &amp; Zertifikate \u00fcber die Schwei\u00dfer Akademie.<\/p>\t\t\t\t\t\t\t\t<\/div>\n\t\t\t\t<\/div>\n\t\t\t\t<\/div>\n\t\t\t\t<\/div>\n\t\t\t\t<\/div>\n\t\t\t\t<\/div>\n\t\t<div class=\"elementor-element elementor-element-71d195a e-con-full e-flex e-con e-parent\" data-id=\"71d195a\" data-element_type=\"container\" data-e-type=\"container\">\n\t\t\t\t<div class=\"elementor-element elementor-element-c128bf0 elementor-headline--style-highlight elementor-widget elementor-widget-animated-headline\" data-id=\"c128bf0\" data-element_type=\"widget\" data-e-type=\"widget\" data-settings=\"{&quot;highlighted_text&quot;:&quot;Akademie&quot;,&quot;headline_style&quot;:&quot;highlight&quot;,&quot;marker&quot;:&quot;circle&quot;,&quot;loop&quot;:&quot;yes&quot;,&quot;highlight_animation_duration&quot;:1200,&quot;highlight_iteration_delay&quot;:8000}\" data-widget_type=\"animated-headline.default\">\n\t\t\t\t<div class=\"elementor-widget-container\">\n\t\t\t\t\t\t\t<h3 class=\"elementor-headline\">\n\t\t\t\t\t<span class=\"elementor-headline-plain-text elementor-headline-text-wrapper\">Unsere wundersch\u00f6ne<\/span>\n\t\t\t\t<span class=\"elementor-headline-dynamic-wrapper elementor-headline-text-wrapper\">\n\t\t\t\t\t<span class=\"elementor-headline-dynamic-text elementor-headline-text-active\">Akademie<\/span>\n\t\t\t\t<\/span>\n\t\t\t\t<\/h3>\n\t\t\t\t\t\t<\/div>\n\t\t\t\t<\/div>\n\t\t\t\t<div class=\"elementor-element elementor-element-9124247 elementor-widget__width-initial elementor-widget-mobile__width-auto elementor-widget elementor-widget-text-editor\" data-id=\"9124247\" data-element_type=\"widget\" data-e-type=\"widget\" data-widget_type=\"text-editor.default\">\n\t\t\t\t<div class=\"elementor-widget-container\">\n\t\t\t\t\t\t\t\t\t<p>Hier findest du Fotos aus unserer Werkstatt, von unseren Schulungen und vom Training an den Schwei\u00dfpl\u00e4tzen. So kannst du dir schon vorab vorstellen, was dich bei der <strong data-start=\"276\" data-end=\"303\">Schwei\u00dfer-Weiterbildung<\/strong> erwartet.<\/p>\t\t\t\t\t\t\t\t<\/div>\n\t\t\t\t<\/div>\n\t\t\t\t<div class=\"elementor-element elementor-element-80f15bf elementor-widget elementor-widget-shortcode\" data-id=\"80f15bf\" data-element_type=\"widget\" data-e-type=\"widget\" data-widget_type=\"shortcode.default\">\n\t\t\t\t<div class=\"elementor-widget-container\">\n\t\t\t\t\t\t\t<div class=\"elementor-shortcode\"><div class=\"_df_book df-lite\" id=\"df_988669\"  _slug=\"988669\" data-title=\"bilder-arbeit-innen-raum\" wpoptions=\"true\" thumb=\"https:\/\/schweisser-akademie.de\/wp-content\/uploads\/2026\/02\/Schweisser-AKademie.png\" thumbtype=\"\" ><\/div><script class=\"df-shortcode-script\" nowprocket type=\"application\/javascript\">window.option_df_988669 = {\"outline\":[],\"backgroundColor\":\"#FFFFFF\",\"autoEnableOutline\":\"false\",\"autoEnableThumbnail\":\"false\",\"overwritePDFOutline\":\"false\",\"enableDownload\":\"false\",\"direction\":\"1\",\"pageSize\":\"0\",\"source\":[\"https:\\\/\\\/schweisser-akademie.de\\\/wp-content\\\/uploads\\\/2026\\\/02\\\/Schweisser-AKademie.png\",\"https:\\\/\\\/schweisser-akademie.de\\\/wp-content\\\/uploads\\\/2026\\\/02\\\/Gemini_Generated_Image_u4to57u4to57u4to-e1771264463369.png\",\"https:\\\/\\\/schweisser-akademie.de\\\/wp-content\\\/uploads\\\/2026\\\/02\\\/schweisser-buero-in-ludwigshafen-1.png\",\"https:\\\/\\\/schweisser-akademie.de\\\/wp-content\\\/uploads\\\/2026\\\/02\\\/Schweisser-in-Ludwigshafen-akademie-am-lernen-1.png\",\"https:\\\/\\\/schweisser-akademie.de\\\/wp-content\\\/uploads\\\/2026\\\/02\\\/Beide-am-schweissen-e1771264380819.png\",\"https:\\\/\\\/schweisser-akademie.de\\\/wp-content\\\/uploads\\\/2026\\\/02\\\/Schweisser-kabinen-in-ludwigshafen.png\",\"https:\\\/\\\/schweisser-akademie.de\\\/wp-content\\\/uploads\\\/2026\\\/02\\\/Schweisser-lacht-in-Ludwigshafen.jpg\",\"https:\\\/\\\/schweisser-akademie.de\\\/wp-content\\\/uploads\\\/2026\\\/02\\\/ChatGPT-Image-16.-Feb.-2026-13_14_52.png\",\"https:\\\/\\\/schweisser-akademie.de\\\/wp-content\\\/uploads\\\/2026\\\/02\\\/schwiesser-buero-frankenthal-1.png\",\"https:\\\/\\\/schweisser-akademie.de\\\/wp-content\\\/uploads\\\/2026\\\/02\\\/Lehrer-zeigt-wie-man-schweisst-in-Ludwigshafen.png\",\"https:\\\/\\\/schweisser-akademie.de\\\/wp-content\\\/uploads\\\/2026\\\/02\\\/ChatGPT-Image-16.-Feb.-2026-15_59_31.png\",\"https:\\\/\\\/schweisser-akademie.de\\\/wp-content\\\/uploads\\\/2026\\\/02\\\/ChatGPT-Image-16.-Feb.-2026-15_57_05.png\",\"https:\\\/\\\/schweisser-akademie.de\\\/wp-content\\\/uploads\\\/2025\\\/12\\\/welder-with-safety-work-wear-working-in-factory-2024-12-10-03-23-59-utc.jpg\",\"https:\\\/\\\/schweisser-akademie.de\\\/wp-content\\\/uploads\\\/2026\\\/02\\\/Schweisser-akademie-von-der-linken-seite.png\",\"https:\\\/\\\/schweisser-akademie.de\\\/wp-content\\\/uploads\\\/2025\\\/12\\\/welder-used-grinding-stone-on-steel-in-factory-wit-2025-02-03-09-54-00-utc.jpg\",\"https:\\\/\\\/schweisser-akademie.de\\\/wp-content\\\/uploads\\\/2026\\\/02\\\/DSC02629_cinematic_realistic.jpg\",\"https:\\\/\\\/schweisser-akademie.de\\\/wp-content\\\/uploads\\\/2025\\\/12\\\/welderman-welds-in-protection-helmet-at-the-factor-2025-01-09-06-47-43-utc.jpg\",\"https:\\\/\\\/schweisser-akademie.de\\\/wp-content\\\/uploads\\\/2025\\\/12\\\/a-female-welder-teaches-a-child-how-to-weld-variou-2024-09-22-02-42-16-utc.jpg\",\"https:\\\/\\\/schweisser-akademie.de\\\/wp-content\\\/uploads\\\/2025\\\/12\\\/man-welding-a-metal-plate-while-golden-sparks-flyi-2025-04-01-13-04-34-utc.jpg\",\"https:\\\/\\\/schweisser-akademie.de\\\/wp-content\\\/uploads\\\/2026\\\/02\\\/ChatGPT-Image-16.-Feb.-2026-12_22_57.png\",\"https:\\\/\\\/schweisser-akademie.de\\\/wp-content\\\/uploads\\\/2025\\\/12\\\/female-welder-cutting-metal-with-torch-in-industri-2025-11-26-00-06-24-utc.jpg\",\"https:\\\/\\\/schweisser-akademie.de\\\/wp-content\\\/uploads\\\/2026\\\/02\\\/DSC02672_cinematic_realistic.jpg\",\"https:\\\/\\\/schweisser-akademie.de\\\/wp-content\\\/uploads\\\/2026\\\/02\\\/Schweisser-Akademie-Ludwigshafen-titel-bild.png\"],\"wpOptions\":\"true\",\"links\":[[],[],[],[],[],[],[],[],[],[],[],[],[],[],[],[],[],[],[],[],[],[],[],[]]}; if(window.DFLIP && window.DFLIP.parseBooks){window.DFLIP.parseBooks();}<\/script><\/div>\n\t\t\t\t\t\t<\/div>\n\t\t\t\t<\/div>\n\t\t\t\t<div class=\"elementor-element elementor-element-12a770a elementor-widget elementor-widget-shortcode\" data-id=\"12a770a\" data-element_type=\"widget\" data-e-type=\"widget\" data-widget_type=\"shortcode.default\">\n\t\t\t\t<div class=\"elementor-widget-container\">\n\t\t\t\t\t\t\t<div class=\"elementor-shortcode\"><div class=\"_df_book df-lite\" id=\"df_989818\"  _slug=\"aussen\" data-title=\"aussen\" wpoptions=\"true\" thumb=\"https:\/\/schweisser-akademie.de\/wp-content\/uploads\/2026\/02\/Schweisser-akademie-von-der-linken-seite.png\" thumbtype=\"\" ><\/div><script class=\"df-shortcode-script\" nowprocket type=\"application\/javascript\">window.option_df_989818 = {\"outline\":[],\"backgroundColor\":\"#FFFFFF\",\"autoEnableOutline\":\"false\",\"autoEnableThumbnail\":\"false\",\"overwritePDFOutline\":\"false\",\"enableDownload\":\"false\",\"direction\":\"1\",\"pageSize\":\"0\",\"source\":[\"https:\\\/\\\/schweisser-akademie.de\\\/wp-content\\\/uploads\\\/2026\\\/02\\\/Schweisser-akademie-von-der-linken-seite.png\",\"https:\\\/\\\/schweisser-akademie.de\\\/wp-content\\\/uploads\\\/2026\\\/02\\\/Schweisser-kabinen-in-ludwigshafen.png\",\"https:\\\/\\\/schweisser-akademie.de\\\/wp-content\\\/uploads\\\/2026\\\/02\\\/ChatGPT-Image-16.-Feb.-2026-13_14_52.png\",\"https:\\\/\\\/schweisser-akademie.de\\\/wp-content\\\/uploads\\\/2026\\\/02\\\/1.png\",\"https:\\\/\\\/schweisser-akademie.de\\\/wp-content\\\/uploads\\\/2026\\\/02\\\/DSC02710.jpg\",\"https:\\\/\\\/schweisser-akademie.de\\\/wp-content\\\/uploads\\\/2026\\\/02\\\/DSC02629_cinematic_realistic.jpg\",\"https:\\\/\\\/schweisser-akademie.de\\\/wp-content\\\/uploads\\\/2026\\\/02\\\/ChatGPT-Image-16.-Feb.-2026-12_22_57.png\",\"https:\\\/\\\/schweisser-akademie.de\\\/wp-content\\\/uploads\\\/2026\\\/02\\\/DSC02612.jpg\",\"https:\\\/\\\/schweisser-akademie.de\\\/wp-content\\\/uploads\\\/2026\\\/02\\\/DSC02672_cinematic_realistic.jpg\",\"https:\\\/\\\/schweisser-akademie.de\\\/wp-content\\\/uploads\\\/2026\\\/02\\\/Schweisser-Akademie-Ludwigshafen-titel-bild.png\",\"https:\\\/\\\/schweisser-akademie.de\\\/wp-content\\\/uploads\\\/2026\\\/02\\\/DSC02726.jpg\",\"https:\\\/\\\/schweisser-akademie.de\\\/wp-content\\\/uploads\\\/2026\\\/02\\\/4.png\",\"https:\\\/\\\/schweisser-akademie.de\\\/wp-content\\\/uploads\\\/2026\\\/02\\\/3.png\",\"https:\\\/\\\/schweisser-akademie.de\\\/wp-content\\\/uploads\\\/2026\\\/02\\\/2.png\",\"https:\\\/\\\/schweisser-akademie.de\\\/wp-content\\\/uploads\\\/2026\\\/02\\\/DSC02718.jpg\",\"https:\\\/\\\/schweisser-akademie.de\\\/wp-content\\\/uploads\\\/2026\\\/02\\\/DSC02680.jpg\",\"https:\\\/\\\/schweisser-akademie.de\\\/wp-content\\\/uploads\\\/2026\\\/02\\\/DSC02620.jpg\",\"https:\\\/\\\/schweisser-akademie.de\\\/wp-content\\\/uploads\\\/2026\\\/02\\\/DSC02618.jpg\",\"https:\\\/\\\/schweisser-akademie.de\\\/wp-content\\\/uploads\\\/2026\\\/02\\\/DSC02616.jpg\",\"https:\\\/\\\/schweisser-akademie.de\\\/wp-content\\\/uploads\\\/2026\\\/02\\\/DSC02782.jpg\"],\"wpOptions\":\"true\",\"links\":[[],[],[],[],[],[],[],[],[],[],[],[],[],[],[],[],[],[],[],[],[]]}; if(window.DFLIP && window.DFLIP.parseBooks){window.DFLIP.parseBooks();}<\/script><\/div>\n\t\t\t\t\t\t<\/div>\n\t\t\t\t<\/div>\n\t\t\t\t<\/div>\n\t\t<div class=\"elementor-element elementor-element-9adbfdc e-flex e-con-boxed e-con e-parent\" data-id=\"9adbfdc\" data-element_type=\"container\" data-e-type=\"container\">\n\t\t\t\t\t<div class=\"e-con-inner\">\n\t\t<div class=\"elementor-element elementor-element-184439c e-con-full e-flex e-con e-child\" data-id=\"184439c\" data-element_type=\"container\" data-e-type=\"container\" data-settings=\"{&quot;background_background&quot;:&quot;classic&quot;}\">\n\t\t\t\t<div class=\"elementor-element elementor-element-1f76fd3 elementor-invisible elementor-widget__width-initial animated-fast elementor-widget elementor-widget-heading\" data-id=\"1f76fd3\" data-element_type=\"widget\" data-e-type=\"widget\" data-settings=\"{&quot;_animation&quot;:&quot;slideInUp&quot;,&quot;_animation_delay&quot;:50}\" data-widget_type=\"heading.default\">\n\t\t\t\t<div class=\"elementor-widget-container\">\n\t\t\t\t\t<h3 class=\"elementor-heading-title elementor-size-default\">F\u00fcr Betriebe besonders wichtig!<\/h3>\t\t\t\t<\/div>\n\t\t\t\t<\/div>\n\t\t\t\t<div class=\"elementor-element elementor-element-39c1a4b elementor-invisible elementor-widget__width-initial animated-fast elementor-widget elementor-widget-text-editor\" data-id=\"39c1a4b\" data-element_type=\"widget\" data-e-type=\"widget\" data-settings=\"{&quot;_animation&quot;:&quot;fadeIn&quot;,&quot;_animation_delay&quot;:100}\" data-widget_type=\"text-editor.default\">\n\t\t\t\t<div class=\"elementor-widget-container\">\n\t\t\t\t\t\t\t\t\t<p data-start=\"188\" data-end=\"617\">Unsere Zertifikate best\u00e4tigen, dass die Schwei\u00dftechnik Akademie ein <strong data-start=\"256\" data-end=\"308\">AZAV-zertifizierter und gepr\u00fcfter Bildungstr\u00e4ger<\/strong> ist. Unternehmen k\u00f6nnen sich darauf verlassen, dass unsere Weiterbildungen <strong data-start=\"384\" data-end=\"423\">h\u00f6chste Qualit\u00e4tsstandards erf\u00fcllen<\/strong>, staatlich anerkannt sind und nach <strong data-start=\"459\" data-end=\"482\">DVS- und ISO-Normen<\/strong> durchgef\u00fchrt werden.<br data-start=\"503\" data-end=\"506\" \/>So wissen Sie: <strong data-start=\"521\" data-end=\"617\" data-is-only-node=\"\">Ihre Mitarbeitenden werden fachlich korrekt, sicher und nach aktuellen Richtlinien geschult.<\/strong><\/p>\t\t\t\t\t\t\t\t<\/div>\n\t\t\t\t<\/div>\n\t\t\t\t<\/div>\n\t\t<div class=\"elementor-element elementor-element-71e919e e-con-full e-flex e-con e-child\" data-id=\"71e919e\" data-element_type=\"container\" data-e-type=\"container\">\n\t\t\t\t<div class=\"elementor-element elementor-element-1e7102e elementor-widget elementor-widget-shortcode\" data-id=\"1e7102e\" data-element_type=\"widget\" data-e-type=\"widget\" data-widget_type=\"shortcode.default\">\n\t\t\t\t<div class=\"elementor-widget-container\">\n\t\t\t\t\t\t\t<div class=\"elementor-shortcode\"><div class=\"_df_book df-lite\" id=\"df_988704\"  _slug=\"1\" data-title=\"1\" wpoptions=\"true\" thumbtype=\"\" ><\/div><script class=\"df-shortcode-script\" nowprocket type=\"application\/javascript\">window.option_df_988704 = {\"outline\":[],\"backgroundColor\":\"#FFFFFF\",\"height\":\"800\",\"viewerType\":\"flipbook\",\"autoEnableOutline\":\"false\",\"autoEnableThumbnail\":\"false\",\"overwritePDFOutline\":\"false\",\"enableDownload\":\"false\",\"direction\":\"1\",\"pageSize\":\"0\",\"maxTextureSize\":\"2048\",\"source\":\"https:\\\/\\\/schweisser-akademie.de\\\/wp-content\\\/uploads\\\/2025\\\/12\\\/pdf24_zusammengefuegt.pdf\",\"wpOptions\":\"true\"}; if(window.DFLIP && window.DFLIP.parseBooks){window.DFLIP.parseBooks();}<\/script><\/div>\n\t\t\t\t\t\t<\/div>\n\t\t\t\t<\/div>\n\t\t\t\t<\/div>\n\t\t\t\t\t<\/div>\n\t\t\t\t<\/div>\n\t\t\t\t<\/div>\n\t\t","protected":false},"excerpt":{"rendered":"<p>\u0645\u0639\u0631\u0636 \u0627\u0644\u0635\u0648\u0631 \u0647\u0646\u0627 \u064a\u0645\u0643\u0646\u0643 \u0627\u0644\u0639\u062b\u0648\u0631 \u0639\u0644\u0649 \u0628\u0639\u0636 \u0627\u0644\u0635\u0648\u0631 \u0648\u0627\u0644\u0634\u0647\u0627\u062f\u0627\u062a \u062d\u0648\u0644 \u0623\u0643\u0627\u062f\u064a\u0645\u064a\u0629 \u0627\u0644\u0644\u062d\u0627\u0645. \u0623\u0643\u0627\u062f\u064a\u0645\u064a\u062a\u0646\u0627 \u0627\u0644\u0631\u0627\u0626\u0639\u0629 \u0633\u062a\u062c\u062f \u0647\u0646\u0627 \u0635\u0648\u0631\u064b\u0627 \u0645\u0646 \u0648\u0631\u0634\u0629 \u0627\u0644\u0639\u0645\u0644 \u0644\u062f\u064a\u0646\u0627\u060c \u0648\u0645\u0646 \u062f\u0648\u0631\u0627\u062a\u0646\u0627 \u0627\u0644\u062a\u062f\u0631\u064a\u0628\u064a\u0629 \u0648\u0645\u0646 \u0627\u0644\u062a\u062f\u0631\u064a\u0628 \u0641\u064a \u0645\u062d\u0637\u0627\u062a \u0627\u0644\u0644\u062d\u0627\u0645. \u0633\u064a\u0639\u0637\u064a\u0643 \u0647\u0630\u0627 \u0641\u0643\u0631\u0629 \u0639\u0645\u0627 \u064a\u0645\u0643\u0646 \u062a\u0648\u0642\u0639\u0647 \u0645\u0646 \u0628\u0631\u0646\u0627\u0645\u062c \u0627\u0644\u062a\u062f\u0631\u064a\u0628 \u0639\u0644\u0649 \u0627\u0644\u0644\u062d\u0627\u0645. \u0645\u0647\u0645 \u0628\u0634\u0643\u0644 \u062e\u0627\u0635 \u0644\u0644\u0634\u0631\u0643\u0627\u062a! \u062a\u0624\u0643\u062f \u0634\u0647\u0627\u062f\u0627\u062a\u0646\u0627 \u0623\u0646 \u0623\u0643\u0627\u062f\u064a\u0645\u064a\u0629 \u0627\u0644\u0644\u062d\u0627\u0645...<\/p>","protected":false},"author":1,"featured_media":0,"parent":0,"menu_order":0,"comment_status":"closed","ping_status":"closed","template":"","meta":{"footnotes":""},"class_list":["post-988666","page","type-page","status-publish","hentry"],"_links":{"self":[{"href":"https:\/\/schweisser-akademie.de\/ar\/wp-json\/wp\/v2\/pages\/988666","targetHints":{"allow":["GET"]}}],"collection":[{"href":"https:\/\/schweisser-akademie.de\/ar\/wp-json\/wp\/v2\/pages"}],"about":[{"href":"https:\/\/schweisser-akademie.de\/ar\/wp-json\/wp\/v2\/types\/page"}],"author":[{"embeddable":true,"href":"https:\/\/schweisser-akademie.de\/ar\/wp-json\/wp\/v2\/users\/1"}],"replies":[{"embeddable":true,"href":"https:\/\/schweisser-akademie.de\/ar\/wp-json\/wp\/v2\/comments?post=988666"}],"version-history":[{"count":10,"href":"https:\/\/schweisser-akademie.de\/ar\/wp-json\/wp\/v2\/pages\/988666\/revisions"}],"predecessor-version":[{"id":989836,"href":"https:\/\/schweisser-akademie.de\/ar\/wp-json\/wp\/v2\/pages\/988666\/revisions\/989836"}],"wp:attachment":[{"href":"https:\/\/schweisser-akademie.de\/ar\/wp-json\/wp\/v2\/media?parent=988666"}],"curies":[{"name":"\u062f\u0628\u0644\u064a\u0648 \u0628\u064a","href":"https:\/\/api.w.org\/{rel}","templated":true}]}}